{"id":8309,"date":"2025-03-10T21:41:07","date_gmt":"2025-03-10T21:41:07","guid":{"rendered":"https:\/\/cristinalezagon.com\/?post_type=product&#038;p=8309"},"modified":"2026-02-15T17:43:53","modified_gmt":"2026-02-15T17:43:53","slug":"conjunto-aray","status":"publish","type":"product","link":"https:\/\/cristinalezagon.com\/en\/product\/conjunto-aray\/","title":{"rendered":"Conjunto ARAY"},"content":{"rendered":"<p>Conjunto de pantal\u00f3n flare y chaqueta recta con doble botonadura . Tejido el\u00e1stico con textura. Talla \u00fanica 36 a 40.<\/p>\n","protected":false},"excerpt":{"rendered":"<p>Conjunto de pantal\u00f3n flare y chaqueta recta con doble botonadura .<\/p>\n<p>Tejido el\u00e1stico con textura. Talla \u00fanica 36 a 40.<\/p>\n","protected":false},"featured_media":8318,"comment_status":"open","ping_status":"closed","template":"","meta":{"_joinchat":[]},"product_brand":[],"product_cat":[94,102,90,140,100],"product_tag":[],"class_list":{"0":"post-8309","1":"product","2":"type-product","3":"status-publish","4":"has-post-thumbnail","6":"product_cat-abrigos-chaquetas","7":"product_cat-conjuntos","8":"product_cat-moda","9":"product_cat-novedades","10":"product_cat-pantalones-jeans","12":"first","13":"instock","14":"shipping-taxable","15":"purchasable","16":"product-type-variable"},"yoast_head":"<!-- This site is optimized with the Yoast SEO plugin v25.0 - https:\/\/yoast.com\/wordpress\/plugins\/seo\/ -->\n<title>Conjunto ARAY - cristinalezagon<\/title>\n<meta name=\"robots\" content=\"index, follow, max-snippet:-1, max-image-preview:large, max-video-preview:-1\" \/>\n<link rel=\"canonical\" href=\"https:\/\/cristinalezagon.com\/product\/conjunto-aray\/\" \/>\n<meta property=\"og:locale\" content=\"en_US\" \/>\n<meta property=\"og:type\" content=\"article\" \/>\n<meta property=\"og:title\" content=\"Conjunto ARAY - cristinalezagon\" \/>\n<meta property=\"og:description\" content=\"Conjunto de pantal\u00f3n flare y chaqueta recta con doble botonadura .  Tejido el\u00e1stico con textura. Talla \u00fanica 36 a 40.\" \/>\n<meta property=\"og:url\" content=\"https:\/\/cristinalezagon.com\/product\/conjunto-aray\/\" \/>\n<meta property=\"og:site_name\" content=\"cristinalezagon\" \/>\n<meta property=\"article:modified_time\" content=\"2026-02-15T17:43:53+00:00\" \/>\n<meta property=\"og:image\" content=\"https:\/\/cristinalezagon.com\/wp-content\/uploads\/2025\/03\/IMG_20250310_191931_834.webp\" \/>\n\t<meta property=\"og:image:width\" content=\"1080\" \/>\n\t<meta property=\"og:image:height\" content=\"1920\" \/>\n\t<meta property=\"og:image:type\" content=\"image\/webp\" \/>\n<meta name=\"twitter:card\" content=\"summary_large_image\" \/>\n<meta name=\"twitter:label1\" content=\"Est. reading time\" \/>\n\t<meta name=\"twitter:data1\" content=\"1 minute\" \/>\n<script type=\"application\/ld+json\" class=\"yoast-schema-graph\">{\"@context\":\"https:\/\/schema.org\",\"@graph\":[{\"@type\":\"WebPage\",\"@id\":\"https:\/\/cristinalezagon.com\/product\/conjunto-aray\/\",\"url\":\"https:\/\/cristinalezagon.com\/product\/conjunto-aray\/\",\"name\":\"Conjunto ARAY - cristinalezagon\",\"isPartOf\":{\"@id\":\"https:\/\/cristinalezagon.com\/#website\"},\"primaryImageOfPage\":{\"@id\":\"https:\/\/cristinalezagon.com\/product\/conjunto-aray\/#primaryimage\"},\"image\":{\"@id\":\"https:\/\/cristinalezagon.com\/product\/conjunto-aray\/#primaryimage\"},\"thumbnailUrl\":\"https:\/\/cristinalezagon.com\/wp-content\/uploads\/2025\/03\/IMG_20250310_191931_834.webp\",\"datePublished\":\"2025-03-10T21:41:07+00:00\",\"dateModified\":\"2026-02-15T17:43:53+00:00\",\"breadcrumb\":{\"@id\":\"https:\/\/cristinalezagon.com\/product\/conjunto-aray\/#breadcrumb\"},\"inLanguage\":\"en-US\",\"potentialAction\":[{\"@type\":\"ReadAction\",\"target\":[\"https:\/\/cristinalezagon.com\/product\/conjunto-aray\/\"]}]},{\"@type\":\"ImageObject\",\"inLanguage\":\"en-US\",\"@id\":\"https:\/\/cristinalezagon.com\/product\/conjunto-aray\/#primaryimage\",\"url\":\"https:\/\/cristinalezagon.com\/wp-content\/uploads\/2025\/03\/IMG_20250310_191931_834.webp\",\"contentUrl\":\"https:\/\/cristinalezagon.com\/wp-content\/uploads\/2025\/03\/IMG_20250310_191931_834.webp\",\"width\":1080,\"height\":1920},{\"@type\":\"BreadcrumbList\",\"@id\":\"https:\/\/cristinalezagon.com\/product\/conjunto-aray\/#breadcrumb\",\"itemListElement\":[{\"@type\":\"ListItem\",\"position\":1,\"name\":\"Portada\",\"item\":\"https:\/\/cristinalezagon.com\/\"},{\"@type\":\"ListItem\",\"position\":2,\"name\":\"Shop\",\"item\":\"https:\/\/cristinalezagon.com\/shop\/\"},{\"@type\":\"ListItem\",\"position\":3,\"name\":\"Conjunto ARAY\"}]},{\"@type\":\"WebSite\",\"@id\":\"https:\/\/cristinalezagon.com\/#website\",\"url\":\"https:\/\/cristinalezagon.com\/\",\"name\":\"Le Zagon - - Tienda Online Ropa Mujer | Comprar Ropa Online\",\"description\":\"Moda de mujer para renovar tu armario con las \u00faltimas tendencias de moda\",\"potentialAction\":[{\"@type\":\"SearchAction\",\"target\":{\"@type\":\"EntryPoint\",\"urlTemplate\":\"https:\/\/cristinalezagon.com\/?s={search_term_string}\"},\"query-input\":{\"@type\":\"PropertyValueSpecification\",\"valueRequired\":true,\"valueName\":\"search_term_string\"}}],\"inLanguage\":\"en-US\"}]}<\/script>\n<!-- \/ Yoast SEO plugin. -->","yoast_head_json":{"title":"Conjunto ARAY - cristinalezagon","robots":{"index":"index","follow":"follow","max-snippet":"max-snippet:-1","max-image-preview":"max-image-preview:large","max-video-preview":"max-video-preview:-1"},"canonical":"https:\/\/cristinalezagon.com\/product\/conjunto-aray\/","og_locale":"en_US","og_type":"article","og_title":"Conjunto ARAY - cristinalezagon","og_description":"Conjunto de pantal\u00f3n flare y chaqueta recta con doble botonadura .  Tejido el\u00e1stico con textura. Talla \u00fanica 36 a 40.","og_url":"https:\/\/cristinalezagon.com\/product\/conjunto-aray\/","og_site_name":"cristinalezagon","article_modified_time":"2026-02-15T17:43:53+00:00","og_image":[{"width":1080,"height":1920,"url":"https:\/\/cristinalezagon.com\/wp-content\/uploads\/2025\/03\/IMG_20250310_191931_834.webp","type":"image\/webp"}],"twitter_card":"summary_large_image","twitter_misc":{"Est. reading time":"1 minute"},"schema":{"@context":"https:\/\/schema.org","@graph":[{"@type":"WebPage","@id":"https:\/\/cristinalezagon.com\/product\/conjunto-aray\/","url":"https:\/\/cristinalezagon.com\/product\/conjunto-aray\/","name":"Conjunto ARAY - cristinalezagon","isPartOf":{"@id":"https:\/\/cristinalezagon.com\/#website"},"primaryImageOfPage":{"@id":"https:\/\/cristinalezagon.com\/product\/conjunto-aray\/#primaryimage"},"image":{"@id":"https:\/\/cristinalezagon.com\/product\/conjunto-aray\/#primaryimage"},"thumbnailUrl":"https:\/\/cristinalezagon.com\/wp-content\/uploads\/2025\/03\/IMG_20250310_191931_834.webp","datePublished":"2025-03-10T21:41:07+00:00","dateModified":"2026-02-15T17:43:53+00:00","breadcrumb":{"@id":"https:\/\/cristinalezagon.com\/product\/conjunto-aray\/#breadcrumb"},"inLanguage":"en-US","potentialAction":[{"@type":"ReadAction","target":["https:\/\/cristinalezagon.com\/product\/conjunto-aray\/"]}]},{"@type":"ImageObject","inLanguage":"en-US","@id":"https:\/\/cristinalezagon.com\/product\/conjunto-aray\/#primaryimage","url":"https:\/\/cristinalezagon.com\/wp-content\/uploads\/2025\/03\/IMG_20250310_191931_834.webp","contentUrl":"https:\/\/cristinalezagon.com\/wp-content\/uploads\/2025\/03\/IMG_20250310_191931_834.webp","width":1080,"height":1920},{"@type":"BreadcrumbList","@id":"https:\/\/cristinalezagon.com\/product\/conjunto-aray\/#breadcrumb","itemListElement":[{"@type":"ListItem","position":1,"name":"Portada","item":"https:\/\/cristinalezagon.com\/"},{"@type":"ListItem","position":2,"name":"Shop","item":"https:\/\/cristinalezagon.com\/shop\/"},{"@type":"ListItem","position":3,"name":"Conjunto ARAY"}]},{"@type":"WebSite","@id":"https:\/\/cristinalezagon.com\/#website","url":"https:\/\/cristinalezagon.com\/","name":"Le Zagon - - Tienda Online Ropa Mujer | Comprar Ropa Online","description":"Moda de mujer para renovar tu armario con las \u00faltimas tendencias de moda","potentialAction":[{"@type":"SearchAction","target":{"@type":"EntryPoint","urlTemplate":"https:\/\/cristinalezagon.com\/?s={search_term_string}"},"query-input":{"@type":"PropertyValueSpecification","valueRequired":true,"valueName":"search_term_string"}}],"inLanguage":"en-US"}]}},"_links":{"self":[{"href":"https:\/\/cristinalezagon.com\/en\/wp-json\/wp\/v2\/product\/8309","targetHints":{"allow":["GET"]}}],"collection":[{"href":"https:\/\/cristinalezagon.com\/en\/wp-json\/wp\/v2\/product"}],"about":[{"href":"https:\/\/cristinalezagon.com\/en\/wp-json\/wp\/v2\/types\/product"}],"replies":[{"embeddable":true,"href":"https:\/\/cristinalezagon.com\/en\/wp-json\/wp\/v2\/comments?post=8309"}],"wp:featuredmedia":[{"embeddable":true,"href":"https:\/\/cristinalezagon.com\/en\/wp-json\/wp\/v2\/media\/8318"}],"wp:attachment":[{"href":"https:\/\/cristinalezagon.com\/en\/wp-json\/wp\/v2\/media?parent=8309"}],"wp:term":[{"taxonomy":"product_brand","embeddable":true,"href":"https:\/\/cristinalezagon.com\/en\/wp-json\/wp\/v2\/product_brand?post=8309"},{"taxonomy":"product_cat","embeddable":true,"href":"https:\/\/cristinalezagon.com\/en\/wp-json\/wp\/v2\/product_cat?post=8309"},{"taxonomy":"product_tag","embeddable":true,"href":"https:\/\/cristinalezagon.com\/en\/wp-json\/wp\/v2\/product_tag?post=8309"}],"curies":[{"name":"wp","href":"https:\/\/api.w.org\/{rel}","templated":true}]}}