{"id":8125,"date":"2025-03-04T15:43:37","date_gmt":"2025-03-04T15:43:37","guid":{"rendered":"https:\/\/cristinalezagon.com\/?post_type=product&#038;p=8125"},"modified":"2026-03-11T12:35:09","modified_gmt":"2026-03-11T12:35:09","slug":"chaqueta-safari-begona","status":"publish","type":"product","link":"https:\/\/cristinalezagon.com\/en\/product\/chaqueta-safari-begona\/","title":{"rendered":"Chaqueta safari BEGO\u00d1A"},"content":{"rendered":"<p>Chaqueta de tipo safari , con rallas diplom\u00e1ticas , dos bolsillos .Mangas regulables y frunce en la cintura . Tejido algod\u00f3n y ray\u00f3n.<\/p>\n<p>Talla \u00fanica 36 a 44.<\/p>\n","protected":false},"excerpt":{"rendered":"<p>Chaqueta de tipo safari , con rallas diplom\u00e1ticas , dos bolsillos .<\/p>\n<p>Mangas regulables y frunce en la cintura .<\/p>\n<p>Tejido algod\u00f3n y ray\u00f3n. T.U.<\/p>\n","protected":false},"featured_media":8131,"comment_status":"open","ping_status":"closed","template":"","meta":{"_joinchat":[]},"product_brand":[],"product_cat":[94,90,104],"product_tag":[],"class_list":{"0":"post-8125","1":"product","2":"type-product","3":"status-publish","4":"has-post-thumbnail","6":"product_cat-abrigos-chaquetas","7":"product_cat-moda","8":"product_cat-outlet","10":"first","11":"instock","12":"sale","13":"shipping-taxable","14":"purchasable","15":"product-type-variable"},"yoast_head":"<!-- This site is optimized with the Yoast SEO plugin v25.0 - https:\/\/yoast.com\/wordpress\/plugins\/seo\/ -->\n<title>Chaqueta safari BEGO\u00d1A - cristinalezagon<\/title>\n<meta name=\"robots\" content=\"index, follow, max-snippet:-1, max-image-preview:large, max-video-preview:-1\" \/>\n<link rel=\"canonical\" href=\"https:\/\/cristinalezagon.com\/product\/chaqueta-safari-begona\/\" \/>\n<meta property=\"og:locale\" content=\"en_US\" \/>\n<meta property=\"og:type\" content=\"article\" \/>\n<meta property=\"og:title\" content=\"Chaqueta safari BEGO\u00d1A - cristinalezagon\" \/>\n<meta property=\"og:description\" content=\"Chaqueta de tipo safari , con rallas diplom\u00e1ticas , dos bolsillos .  Mangas regulables y frunce en la cintura .  Tejido algod\u00f3n y ray\u00f3n. T.U.\" \/>\n<meta property=\"og:url\" content=\"https:\/\/cristinalezagon.com\/product\/chaqueta-safari-begona\/\" \/>\n<meta property=\"og:site_name\" content=\"cristinalezagon\" \/>\n<meta property=\"article:modified_time\" content=\"2026-03-11T12:35:09+00:00\" \/>\n<meta property=\"og:image\" content=\"https:\/\/cristinalezagon.com\/wp-content\/uploads\/2025\/03\/IMG_20250304_122301_286.webp\" \/>\n\t<meta property=\"og:image:width\" content=\"1080\" \/>\n\t<meta property=\"og:image:height\" content=\"1920\" \/>\n\t<meta property=\"og:image:type\" content=\"image\/webp\" \/>\n<meta name=\"twitter:card\" content=\"summary_large_image\" \/>\n<meta name=\"twitter:label1\" content=\"Est. reading time\" \/>\n\t<meta name=\"twitter:data1\" content=\"1 minute\" \/>\n<script type=\"application\/ld+json\" class=\"yoast-schema-graph\">{\"@context\":\"https:\/\/schema.org\",\"@graph\":[{\"@type\":\"WebPage\",\"@id\":\"https:\/\/cristinalezagon.com\/product\/chaqueta-safari-begona\/\",\"url\":\"https:\/\/cristinalezagon.com\/product\/chaqueta-safari-begona\/\",\"name\":\"Chaqueta safari BEGO\u00d1A - cristinalezagon\",\"isPartOf\":{\"@id\":\"https:\/\/cristinalezagon.com\/#website\"},\"primaryImageOfPage\":{\"@id\":\"https:\/\/cristinalezagon.com\/product\/chaqueta-safari-begona\/#primaryimage\"},\"image\":{\"@id\":\"https:\/\/cristinalezagon.com\/product\/chaqueta-safari-begona\/#primaryimage\"},\"thumbnailUrl\":\"https:\/\/cristinalezagon.com\/wp-content\/uploads\/2025\/03\/IMG_20250304_122301_286.webp\",\"datePublished\":\"2025-03-04T15:43:37+00:00\",\"dateModified\":\"2026-03-11T12:35:09+00:00\",\"breadcrumb\":{\"@id\":\"https:\/\/cristinalezagon.com\/product\/chaqueta-safari-begona\/#breadcrumb\"},\"inLanguage\":\"en-US\",\"potentialAction\":[{\"@type\":\"ReadAction\",\"target\":[\"https:\/\/cristinalezagon.com\/product\/chaqueta-safari-begona\/\"]}]},{\"@type\":\"ImageObject\",\"inLanguage\":\"en-US\",\"@id\":\"https:\/\/cristinalezagon.com\/product\/chaqueta-safari-begona\/#primaryimage\",\"url\":\"https:\/\/cristinalezagon.com\/wp-content\/uploads\/2025\/03\/IMG_20250304_122301_286.webp\",\"contentUrl\":\"https:\/\/cristinalezagon.com\/wp-content\/uploads\/2025\/03\/IMG_20250304_122301_286.webp\",\"width\":1080,\"height\":1920},{\"@type\":\"BreadcrumbList\",\"@id\":\"https:\/\/cristinalezagon.com\/product\/chaqueta-safari-begona\/#breadcrumb\",\"itemListElement\":[{\"@type\":\"ListItem\",\"position\":1,\"name\":\"Portada\",\"item\":\"https:\/\/cristinalezagon.com\/\"},{\"@type\":\"ListItem\",\"position\":2,\"name\":\"Shop\",\"item\":\"https:\/\/cristinalezagon.com\/shop\/\"},{\"@type\":\"ListItem\",\"position\":3,\"name\":\"Chaqueta safari BEGO\u00d1A\"}]},{\"@type\":\"WebSite\",\"@id\":\"https:\/\/cristinalezagon.com\/#website\",\"url\":\"https:\/\/cristinalezagon.com\/\",\"name\":\"Le Zagon - - Tienda Online Ropa Mujer | Comprar Ropa Online\",\"description\":\"Moda de mujer para renovar tu armario con las \u00faltimas tendencias de moda\",\"potentialAction\":[{\"@type\":\"SearchAction\",\"target\":{\"@type\":\"EntryPoint\",\"urlTemplate\":\"https:\/\/cristinalezagon.com\/?s={search_term_string}\"},\"query-input\":{\"@type\":\"PropertyValueSpecification\",\"valueRequired\":true,\"valueName\":\"search_term_string\"}}],\"inLanguage\":\"en-US\"}]}<\/script>\n<!-- \/ Yoast SEO plugin. -->","yoast_head_json":{"title":"Chaqueta safari BEGO\u00d1A - cristinalezagon","robots":{"index":"index","follow":"follow","max-snippet":"max-snippet:-1","max-image-preview":"max-image-preview:large","max-video-preview":"max-video-preview:-1"},"canonical":"https:\/\/cristinalezagon.com\/product\/chaqueta-safari-begona\/","og_locale":"en_US","og_type":"article","og_title":"Chaqueta safari BEGO\u00d1A - cristinalezagon","og_description":"Chaqueta de tipo safari , con rallas diplom\u00e1ticas , dos bolsillos .  Mangas regulables y frunce en la cintura .  Tejido algod\u00f3n y ray\u00f3n. T.U.","og_url":"https:\/\/cristinalezagon.com\/product\/chaqueta-safari-begona\/","og_site_name":"cristinalezagon","article_modified_time":"2026-03-11T12:35:09+00:00","og_image":[{"width":1080,"height":1920,"url":"https:\/\/cristinalezagon.com\/wp-content\/uploads\/2025\/03\/IMG_20250304_122301_286.webp","type":"image\/webp"}],"twitter_card":"summary_large_image","twitter_misc":{"Est. reading time":"1 minute"},"schema":{"@context":"https:\/\/schema.org","@graph":[{"@type":"WebPage","@id":"https:\/\/cristinalezagon.com\/product\/chaqueta-safari-begona\/","url":"https:\/\/cristinalezagon.com\/product\/chaqueta-safari-begona\/","name":"Chaqueta safari BEGO\u00d1A - cristinalezagon","isPartOf":{"@id":"https:\/\/cristinalezagon.com\/#website"},"primaryImageOfPage":{"@id":"https:\/\/cristinalezagon.com\/product\/chaqueta-safari-begona\/#primaryimage"},"image":{"@id":"https:\/\/cristinalezagon.com\/product\/chaqueta-safari-begona\/#primaryimage"},"thumbnailUrl":"https:\/\/cristinalezagon.com\/wp-content\/uploads\/2025\/03\/IMG_20250304_122301_286.webp","datePublished":"2025-03-04T15:43:37+00:00","dateModified":"2026-03-11T12:35:09+00:00","breadcrumb":{"@id":"https:\/\/cristinalezagon.com\/product\/chaqueta-safari-begona\/#breadcrumb"},"inLanguage":"en-US","potentialAction":[{"@type":"ReadAction","target":["https:\/\/cristinalezagon.com\/product\/chaqueta-safari-begona\/"]}]},{"@type":"ImageObject","inLanguage":"en-US","@id":"https:\/\/cristinalezagon.com\/product\/chaqueta-safari-begona\/#primaryimage","url":"https:\/\/cristinalezagon.com\/wp-content\/uploads\/2025\/03\/IMG_20250304_122301_286.webp","contentUrl":"https:\/\/cristinalezagon.com\/wp-content\/uploads\/2025\/03\/IMG_20250304_122301_286.webp","width":1080,"height":1920},{"@type":"BreadcrumbList","@id":"https:\/\/cristinalezagon.com\/product\/chaqueta-safari-begona\/#breadcrumb","itemListElement":[{"@type":"ListItem","position":1,"name":"Portada","item":"https:\/\/cristinalezagon.com\/"},{"@type":"ListItem","position":2,"name":"Shop","item":"https:\/\/cristinalezagon.com\/shop\/"},{"@type":"ListItem","position":3,"name":"Chaqueta safari BEGO\u00d1A"}]},{"@type":"WebSite","@id":"https:\/\/cristinalezagon.com\/#website","url":"https:\/\/cristinalezagon.com\/","name":"Le Zagon - - Tienda Online Ropa Mujer | Comprar Ropa Online","description":"Moda de mujer para renovar tu armario con las \u00faltimas tendencias de moda","potentialAction":[{"@type":"SearchAction","target":{"@type":"EntryPoint","urlTemplate":"https:\/\/cristinalezagon.com\/?s={search_term_string}"},"query-input":{"@type":"PropertyValueSpecification","valueRequired":true,"valueName":"search_term_string"}}],"inLanguage":"en-US"}]}},"_links":{"self":[{"href":"https:\/\/cristinalezagon.com\/en\/wp-json\/wp\/v2\/product\/8125","targetHints":{"allow":["GET"]}}],"collection":[{"href":"https:\/\/cristinalezagon.com\/en\/wp-json\/wp\/v2\/product"}],"about":[{"href":"https:\/\/cristinalezagon.com\/en\/wp-json\/wp\/v2\/types\/product"}],"replies":[{"embeddable":true,"href":"https:\/\/cristinalezagon.com\/en\/wp-json\/wp\/v2\/comments?post=8125"}],"wp:featuredmedia":[{"embeddable":true,"href":"https:\/\/cristinalezagon.com\/en\/wp-json\/wp\/v2\/media\/8131"}],"wp:attachment":[{"href":"https:\/\/cristinalezagon.com\/en\/wp-json\/wp\/v2\/media?parent=8125"}],"wp:term":[{"taxonomy":"product_brand","embeddable":true,"href":"https:\/\/cristinalezagon.com\/en\/wp-json\/wp\/v2\/product_brand?post=8125"},{"taxonomy":"product_cat","embeddable":true,"href":"https:\/\/cristinalezagon.com\/en\/wp-json\/wp\/v2\/product_cat?post=8125"},{"taxonomy":"product_tag","embeddable":true,"href":"https:\/\/cristinalezagon.com\/en\/wp-json\/wp\/v2\/product_tag?post=8125"}],"curies":[{"name":"wp","href":"https:\/\/api.w.org\/{rel}","templated":true}]}}