{"id":12406,"date":"2025-11-05T18:02:21","date_gmt":"2025-11-05T18:02:21","guid":{"rendered":"https:\/\/cristinalezagon.com\/?post_type=product&#038;p=12406"},"modified":"2025-12-29T21:38:08","modified_gmt":"2025-12-29T21:38:08","slug":"vestido-genova","status":"publish","type":"product","link":"https:\/\/cristinalezagon.com\/en\/product\/vestido-genova\/","title":{"rendered":"Vestido GENOVA"},"content":{"rendered":"<p>Vestido midi recto en tejido el\u00e1stico , abertura en parte de detr\u00e1s ,fruncido en parte de arriba. Talla \u00fanica 36 a 42.<\/p>\n","protected":false},"excerpt":{"rendered":"<p>Vestido midi recto en tejido el\u00e1stico ,<\/p>\n<p>abertura en parte de detr\u00e1s ,<\/p>\n<p>fruncido en parte de arriba.<\/p>\n<p>Talla \u00fanica 36 a 42.<\/p>\n","protected":false},"featured_media":12439,"comment_status":"open","ping_status":"closed","template":"","meta":{"_joinchat":[]},"product_brand":[],"product_cat":[226,90,140,101],"product_tag":[],"class_list":{"0":"post-12406","1":"product","2":"type-product","3":"status-publish","4":"has-post-thumbnail","6":"product_cat-fiesta","7":"product_cat-moda","8":"product_cat-novedades","9":"product_cat-vestidos-monos","11":"first","12":"instock","13":"shipping-taxable","14":"purchasable","15":"product-type-variable"},"yoast_head":"<!-- This site is optimized with the Yoast SEO plugin v25.0 - https:\/\/yoast.com\/wordpress\/plugins\/seo\/ -->\n<title>Vestido GENOVA - cristinalezagon<\/title>\n<meta name=\"robots\" content=\"index, follow, max-snippet:-1, max-image-preview:large, max-video-preview:-1\" \/>\n<link rel=\"canonical\" href=\"https:\/\/cristinalezagon.com\/product\/vestido-genova\/\" \/>\n<meta property=\"og:locale\" content=\"en_US\" \/>\n<meta property=\"og:type\" content=\"article\" \/>\n<meta property=\"og:title\" content=\"Vestido GENOVA - cristinalezagon\" \/>\n<meta property=\"og:description\" content=\"Vestido midi recto en tejido el\u00e1stico ,  abertura en parte de detr\u00e1s ,  fruncido en parte de arriba.  Talla \u00fanica 36 a 42.\" \/>\n<meta property=\"og:url\" content=\"https:\/\/cristinalezagon.com\/product\/vestido-genova\/\" \/>\n<meta property=\"og:site_name\" content=\"cristinalezagon\" \/>\n<meta property=\"article:modified_time\" content=\"2025-12-29T21:38:08+00:00\" \/>\n<meta property=\"og:image\" content=\"https:\/\/cristinalezagon.com\/wp-content\/uploads\/2025\/11\/IMG_20251104_120923_455.webp\" \/>\n\t<meta property=\"og:image:width\" content=\"1080\" \/>\n\t<meta property=\"og:image:height\" content=\"1920\" \/>\n\t<meta property=\"og:image:type\" content=\"image\/webp\" \/>\n<meta name=\"twitter:card\" content=\"summary_large_image\" \/>\n<meta name=\"twitter:label1\" content=\"Est. reading time\" \/>\n\t<meta name=\"twitter:data1\" content=\"1 minute\" \/>\n<script type=\"application\/ld+json\" class=\"yoast-schema-graph\">{\"@context\":\"https:\/\/schema.org\",\"@graph\":[{\"@type\":\"WebPage\",\"@id\":\"https:\/\/cristinalezagon.com\/product\/vestido-genova\/\",\"url\":\"https:\/\/cristinalezagon.com\/product\/vestido-genova\/\",\"name\":\"Vestido GENOVA - cristinalezagon\",\"isPartOf\":{\"@id\":\"https:\/\/cristinalezagon.com\/#website\"},\"primaryImageOfPage\":{\"@id\":\"https:\/\/cristinalezagon.com\/product\/vestido-genova\/#primaryimage\"},\"image\":{\"@id\":\"https:\/\/cristinalezagon.com\/product\/vestido-genova\/#primaryimage\"},\"thumbnailUrl\":\"https:\/\/cristinalezagon.com\/wp-content\/uploads\/2025\/11\/IMG_20251104_120923_455.webp\",\"datePublished\":\"2025-11-05T18:02:21+00:00\",\"dateModified\":\"2025-12-29T21:38:08+00:00\",\"breadcrumb\":{\"@id\":\"https:\/\/cristinalezagon.com\/product\/vestido-genova\/#breadcrumb\"},\"inLanguage\":\"en-US\",\"potentialAction\":[{\"@type\":\"ReadAction\",\"target\":[\"https:\/\/cristinalezagon.com\/product\/vestido-genova\/\"]}]},{\"@type\":\"ImageObject\",\"inLanguage\":\"en-US\",\"@id\":\"https:\/\/cristinalezagon.com\/product\/vestido-genova\/#primaryimage\",\"url\":\"https:\/\/cristinalezagon.com\/wp-content\/uploads\/2025\/11\/IMG_20251104_120923_455.webp\",\"contentUrl\":\"https:\/\/cristinalezagon.com\/wp-content\/uploads\/2025\/11\/IMG_20251104_120923_455.webp\",\"width\":1080,\"height\":1920},{\"@type\":\"BreadcrumbList\",\"@id\":\"https:\/\/cristinalezagon.com\/product\/vestido-genova\/#breadcrumb\",\"itemListElement\":[{\"@type\":\"ListItem\",\"position\":1,\"name\":\"Portada\",\"item\":\"https:\/\/cristinalezagon.com\/\"},{\"@type\":\"ListItem\",\"position\":2,\"name\":\"Shop\",\"item\":\"https:\/\/cristinalezagon.com\/shop\/\"},{\"@type\":\"ListItem\",\"position\":3,\"name\":\"Vestido GENOVA\"}]},{\"@type\":\"WebSite\",\"@id\":\"https:\/\/cristinalezagon.com\/#website\",\"url\":\"https:\/\/cristinalezagon.com\/\",\"name\":\"Le Zagon - - Tienda Online Ropa Mujer | Comprar Ropa Online\",\"description\":\"Moda de mujer para renovar tu armario con las \u00faltimas tendencias de moda\",\"potentialAction\":[{\"@type\":\"SearchAction\",\"target\":{\"@type\":\"EntryPoint\",\"urlTemplate\":\"https:\/\/cristinalezagon.com\/?s={search_term_string}\"},\"query-input\":{\"@type\":\"PropertyValueSpecification\",\"valueRequired\":true,\"valueName\":\"search_term_string\"}}],\"inLanguage\":\"en-US\"}]}<\/script>\n<!-- \/ Yoast SEO plugin. -->","yoast_head_json":{"title":"Vestido GENOVA - cristinalezagon","robots":{"index":"index","follow":"follow","max-snippet":"max-snippet:-1","max-image-preview":"max-image-preview:large","max-video-preview":"max-video-preview:-1"},"canonical":"https:\/\/cristinalezagon.com\/product\/vestido-genova\/","og_locale":"en_US","og_type":"article","og_title":"Vestido GENOVA - cristinalezagon","og_description":"Vestido midi recto en tejido el\u00e1stico ,  abertura en parte de detr\u00e1s ,  fruncido en parte de arriba.  Talla \u00fanica 36 a 42.","og_url":"https:\/\/cristinalezagon.com\/product\/vestido-genova\/","og_site_name":"cristinalezagon","article_modified_time":"2025-12-29T21:38:08+00:00","og_image":[{"width":1080,"height":1920,"url":"https:\/\/cristinalezagon.com\/wp-content\/uploads\/2025\/11\/IMG_20251104_120923_455.webp","type":"image\/webp"}],"twitter_card":"summary_large_image","twitter_misc":{"Est. reading time":"1 minute"},"schema":{"@context":"https:\/\/schema.org","@graph":[{"@type":"WebPage","@id":"https:\/\/cristinalezagon.com\/product\/vestido-genova\/","url":"https:\/\/cristinalezagon.com\/product\/vestido-genova\/","name":"Vestido GENOVA - cristinalezagon","isPartOf":{"@id":"https:\/\/cristinalezagon.com\/#website"},"primaryImageOfPage":{"@id":"https:\/\/cristinalezagon.com\/product\/vestido-genova\/#primaryimage"},"image":{"@id":"https:\/\/cristinalezagon.com\/product\/vestido-genova\/#primaryimage"},"thumbnailUrl":"https:\/\/cristinalezagon.com\/wp-content\/uploads\/2025\/11\/IMG_20251104_120923_455.webp","datePublished":"2025-11-05T18:02:21+00:00","dateModified":"2025-12-29T21:38:08+00:00","breadcrumb":{"@id":"https:\/\/cristinalezagon.com\/product\/vestido-genova\/#breadcrumb"},"inLanguage":"en-US","potentialAction":[{"@type":"ReadAction","target":["https:\/\/cristinalezagon.com\/product\/vestido-genova\/"]}]},{"@type":"ImageObject","inLanguage":"en-US","@id":"https:\/\/cristinalezagon.com\/product\/vestido-genova\/#primaryimage","url":"https:\/\/cristinalezagon.com\/wp-content\/uploads\/2025\/11\/IMG_20251104_120923_455.webp","contentUrl":"https:\/\/cristinalezagon.com\/wp-content\/uploads\/2025\/11\/IMG_20251104_120923_455.webp","width":1080,"height":1920},{"@type":"BreadcrumbList","@id":"https:\/\/cristinalezagon.com\/product\/vestido-genova\/#breadcrumb","itemListElement":[{"@type":"ListItem","position":1,"name":"Portada","item":"https:\/\/cristinalezagon.com\/"},{"@type":"ListItem","position":2,"name":"Shop","item":"https:\/\/cristinalezagon.com\/shop\/"},{"@type":"ListItem","position":3,"name":"Vestido GENOVA"}]},{"@type":"WebSite","@id":"https:\/\/cristinalezagon.com\/#website","url":"https:\/\/cristinalezagon.com\/","name":"Le Zagon - - Tienda Online Ropa Mujer | Comprar Ropa Online","description":"Moda de mujer para renovar tu armario con las \u00faltimas tendencias de moda","potentialAction":[{"@type":"SearchAction","target":{"@type":"EntryPoint","urlTemplate":"https:\/\/cristinalezagon.com\/?s={search_term_string}"},"query-input":{"@type":"PropertyValueSpecification","valueRequired":true,"valueName":"search_term_string"}}],"inLanguage":"en-US"}]}},"_links":{"self":[{"href":"https:\/\/cristinalezagon.com\/en\/wp-json\/wp\/v2\/product\/12406","targetHints":{"allow":["GET"]}}],"collection":[{"href":"https:\/\/cristinalezagon.com\/en\/wp-json\/wp\/v2\/product"}],"about":[{"href":"https:\/\/cristinalezagon.com\/en\/wp-json\/wp\/v2\/types\/product"}],"replies":[{"embeddable":true,"href":"https:\/\/cristinalezagon.com\/en\/wp-json\/wp\/v2\/comments?post=12406"}],"wp:featuredmedia":[{"embeddable":true,"href":"https:\/\/cristinalezagon.com\/en\/wp-json\/wp\/v2\/media\/12439"}],"wp:attachment":[{"href":"https:\/\/cristinalezagon.com\/en\/wp-json\/wp\/v2\/media?parent=12406"}],"wp:term":[{"taxonomy":"product_brand","embeddable":true,"href":"https:\/\/cristinalezagon.com\/en\/wp-json\/wp\/v2\/product_brand?post=12406"},{"taxonomy":"product_cat","embeddable":true,"href":"https:\/\/cristinalezagon.com\/en\/wp-json\/wp\/v2\/product_cat?post=12406"},{"taxonomy":"product_tag","embeddable":true,"href":"https:\/\/cristinalezagon.com\/en\/wp-json\/wp\/v2\/product_tag?post=12406"}],"curies":[{"name":"wp","href":"https:\/\/api.w.org\/{rel}","templated":true}]}}